{"id":888,"date":"2020-10-13T10:42:13","date_gmt":"2020-10-13T10:42:13","guid":{"rendered":"https:\/\/www.cssigniter.com\/demos\/convert\/?page_id=11"},"modified":"2023-02-10T13:25:52","modified_gmt":"2023-02-10T13:25:52","slug":"contact-us-2","status":"publish","type":"page","link":"https:\/\/bdfcerrajeros.com\/?page_id=888","title":{"rendered":"Contact Us"},"content":{"rendered":"\r\n<div id=\"block-efc652-d7\" class=\"wp-block-gutenbee-google-maps\">\r\n<h3>633 40 98 97<\/h3>\r\n<p>Servicio de Cerrajer\u00eda de Urgencia en C\u00e1ceres 24 Horas 365 d\u00edas.<\/p>\r\n<h3>administracion@bdfcerrajeros.com<\/h3>\r\n<p>Si desea escribirnos para solicitar presupuesto por alg\u00fan servicio en: carpinter\u00eda de aluminio, instalaci\u00f3n e automatismos, hierro, mantenimiento de Comunidades y Edificios, Puertas de Garaje Seccionables, Basculantes, Abatibles&#8230;<\/p>\r\n<h3>661 51 40 78<\/h3>\r\n<p>Servicio de Cerrajer\u00eda de Urgencia en C\u00e1ceres 24 Horas 365 d\u00edas.<\/p>\r\n<h3>Calle Hermanos Lumiere, n\u00ba3 (Parque empresarial La Mejostilla)<\/h3>\r\n<p>10005 C\u00c1CERES<\/p>\r\n<p><img decoding=\"async\" src=\"https:\/\/bdfcerrajeros.com\/wp-content\/uploads\/2019\/11\/BDFLogo2-e1574329380906-300x134.jpg\" alt=\"\" width=\"300\" height=\"134\" \/><\/p>\r\n<p>O si le resulta m\u00e1s c\u00f3modo, puede dejarnos una consulta en el formulario. D\u00e9jenos sus datos de contacto y su consulta y se la resolveremos lo antes posible.<\/p>\r\n<p>&nbsp;<\/p>\r\n<\/div>\r\n<div id=\"block-0aa0cb-47\" class=\"wp-block-gutenbee-container theme-grid\">\r\n<div class=\"wp-block-gutenbee-container-inner\">\r\n<div class=\"wp-block-gutenbee-container-row wp-block-gutenbee-container-lg\">\r\n<div id=\"block-8e252b-1a\" class=\"wp-block-gutenbee-column\">\r\n<div class=\"wp-block-gutenbee-column-content\" style=\"background-color: #f8f8f8; background-repeat: no-repeat; background-size: cover; background-position: top center; background-attachment: scroll; border-radius: 2px; border: 1px solid #dddddd;\"><\/div>\r\n<\/div>\r\n<!-- \/wp:post-content --><\/div>\r\n<\/div>\r\n<div class=\"wp-block-gutenbee-container-background\" style=\"background-repeat: no-repeat; background-size: cover; background-position: top center; background-attachment: scroll;\" data-parallax-speed=\"0.3\">\u00a0<\/div>\r\n<\/div>\r\n<!-- \/wp:gutenbee\/container -->\r\n\r\n<!-- wp:paragraph -->\r\n<p>&nbsp;<\/p>\r\n<!-- \/wp:paragraph -->","protected":false},"excerpt":{"rendered":"<p>\u00a0 &nbsp;<\/p>\n","protected":false},"author":1,"featured_media":0,"parent":0,"menu_order":0,"comment_status":"closed","ping_status":"closed","template":"templates\/template-fullwidth.php","meta":{"_themeisle_gutenberg_block_has_review":false,"footnotes":""},"class_list":["post-888","page","type-page","status-publish","hentry"],"yoast_head":"<!-- This site is optimized with the Yoast SEO plugin v26.7 - https:\/\/yoast.com\/wordpress\/plugins\/seo\/ -->\n<title>Contact Us - BDF Cerrajeros 24h C\u00e1ceres<\/title>\n<meta name=\"robots\" content=\"index, follow, max-snippet:-1, max-image-preview:large, max-video-preview:-1\" \/>\n<link rel=\"canonical\" href=\"https:\/\/bdfcerrajeros.com\/?page_id=888\" \/>\n<meta property=\"og:locale\" content=\"es_ES\" \/>\n<meta property=\"og:type\" content=\"article\" \/>\n<meta property=\"og:title\" content=\"Contact Us - BDF Cerrajeros 24h C\u00e1ceres\" \/>\n<meta property=\"og:description\" content=\"\u00a0 &nbsp;\" \/>\n<meta property=\"og:url\" content=\"https:\/\/bdfcerrajeros.com\/?page_id=888\" \/>\n<meta property=\"og:site_name\" content=\"BDF Cerrajeros 24h C\u00e1ceres\" \/>\n<meta property=\"article:modified_time\" content=\"2023-02-10T13:25:52+00:00\" \/>\n<meta property=\"og:image\" content=\"https:\/\/bdfcerrajeros.com\/wp-content\/uploads\/2019\/11\/BDFLogo2-e1574329380906-300x134.jpg\" \/>\n<meta name=\"twitter:card\" content=\"summary_large_image\" \/>\n<meta name=\"twitter:label1\" content=\"Tiempo de lectura\" \/>\n\t<meta name=\"twitter:data1\" content=\"1 minuto\" \/>\n<script type=\"application\/ld+json\" class=\"yoast-schema-graph\">{\"@context\":\"https:\/\/schema.org\",\"@graph\":[{\"@type\":\"WebPage\",\"@id\":\"https:\/\/bdfcerrajeros.com\/?page_id=888\",\"url\":\"https:\/\/bdfcerrajeros.com\/?page_id=888\",\"name\":\"Contact Us - BDF Cerrajeros 24h C\u00e1ceres\",\"isPartOf\":{\"@id\":\"https:\/\/bdfcerrajeros.com\/#website\"},\"primaryImageOfPage\":{\"@id\":\"https:\/\/bdfcerrajeros.com\/?page_id=888#primaryimage\"},\"image\":{\"@id\":\"https:\/\/bdfcerrajeros.com\/?page_id=888#primaryimage\"},\"thumbnailUrl\":\"https:\/\/bdfcerrajeros.com\/wp-content\/uploads\/2019\/11\/BDFLogo2-e1574329380906-300x134.jpg\",\"datePublished\":\"2020-10-13T10:42:13+00:00\",\"dateModified\":\"2023-02-10T13:25:52+00:00\",\"breadcrumb\":{\"@id\":\"https:\/\/bdfcerrajeros.com\/?page_id=888#breadcrumb\"},\"inLanguage\":\"es\",\"potentialAction\":[{\"@type\":\"ReadAction\",\"target\":[\"https:\/\/bdfcerrajeros.com\/?page_id=888\"]}]},{\"@type\":\"ImageObject\",\"inLanguage\":\"es\",\"@id\":\"https:\/\/bdfcerrajeros.com\/?page_id=888#primaryimage\",\"url\":\"https:\/\/bdfcerrajeros.com\/wp-content\/uploads\/2019\/11\/BDFLogo2-e1574329380906-300x134.jpg\",\"contentUrl\":\"https:\/\/bdfcerrajeros.com\/wp-content\/uploads\/2019\/11\/BDFLogo2-e1574329380906-300x134.jpg\"},{\"@type\":\"BreadcrumbList\",\"@id\":\"https:\/\/bdfcerrajeros.com\/?page_id=888#breadcrumb\",\"itemListElement\":[{\"@type\":\"ListItem\",\"position\":1,\"name\":\"Home\",\"item\":\"https:\/\/bdfcerrajeros.com\/\"},{\"@type\":\"ListItem\",\"position\":2,\"name\":\"Contact Us\"}]},{\"@type\":\"WebSite\",\"@id\":\"https:\/\/bdfcerrajeros.com\/#website\",\"url\":\"https:\/\/bdfcerrajeros.com\/\",\"name\":\"BDF Cerrajeros 24h C\u00e1ceres\",\"description\":\"Cerrajer\u00eda, Carpinter\u00eda de Aluminio, Automatismos, Hierro, Mantenimiento Comunidades, Puertas de Garaje\",\"publisher\":{\"@id\":\"https:\/\/bdfcerrajeros.com\/#organization\"},\"potentialAction\":[{\"@type\":\"SearchAction\",\"target\":{\"@type\":\"EntryPoint\",\"urlTemplate\":\"https:\/\/bdfcerrajeros.com\/?s={search_term_string}\"},\"query-input\":{\"@type\":\"PropertyValueSpecification\",\"valueRequired\":true,\"valueName\":\"search_term_string\"}}],\"inLanguage\":\"es\"},{\"@type\":\"Organization\",\"@id\":\"https:\/\/bdfcerrajeros.com\/#organization\",\"name\":\"BDF Cerrajeros 24h C\u00e1ceres\",\"url\":\"https:\/\/bdfcerrajeros.com\/\",\"logo\":{\"@type\":\"ImageObject\",\"inLanguage\":\"es\",\"@id\":\"https:\/\/bdfcerrajeros.com\/#\/schema\/logo\/image\/\",\"url\":\"https:\/\/bdfcerrajeros.com\/wp-content\/uploads\/2019\/11\/cropped-cropped-BDFLogo2.jpg\",\"contentUrl\":\"https:\/\/bdfcerrajeros.com\/wp-content\/uploads\/2019\/11\/cropped-cropped-BDFLogo2.jpg\",\"width\":1108,\"height\":384,\"caption\":\"BDF Cerrajeros 24h C\u00e1ceres\"},\"image\":{\"@id\":\"https:\/\/bdfcerrajeros.com\/#\/schema\/logo\/image\/\"}}]}<\/script>\n<!-- \/ Yoast SEO plugin. -->","yoast_head_json":{"title":"Contact Us - BDF Cerrajeros 24h C\u00e1ceres","robots":{"index":"index","follow":"follow","max-snippet":"max-snippet:-1","max-image-preview":"max-image-preview:large","max-video-preview":"max-video-preview:-1"},"canonical":"https:\/\/bdfcerrajeros.com\/?page_id=888","og_locale":"es_ES","og_type":"article","og_title":"Contact Us - BDF Cerrajeros 24h C\u00e1ceres","og_description":"\u00a0 &nbsp;","og_url":"https:\/\/bdfcerrajeros.com\/?page_id=888","og_site_name":"BDF Cerrajeros 24h C\u00e1ceres","article_modified_time":"2023-02-10T13:25:52+00:00","og_image":[{"url":"https:\/\/bdfcerrajeros.com\/wp-content\/uploads\/2019\/11\/BDFLogo2-e1574329380906-300x134.jpg","type":"","width":"","height":""}],"twitter_card":"summary_large_image","twitter_misc":{"Tiempo de lectura":"1 minuto"},"schema":{"@context":"https:\/\/schema.org","@graph":[{"@type":"WebPage","@id":"https:\/\/bdfcerrajeros.com\/?page_id=888","url":"https:\/\/bdfcerrajeros.com\/?page_id=888","name":"Contact Us - BDF Cerrajeros 24h C\u00e1ceres","isPartOf":{"@id":"https:\/\/bdfcerrajeros.com\/#website"},"primaryImageOfPage":{"@id":"https:\/\/bdfcerrajeros.com\/?page_id=888#primaryimage"},"image":{"@id":"https:\/\/bdfcerrajeros.com\/?page_id=888#primaryimage"},"thumbnailUrl":"https:\/\/bdfcerrajeros.com\/wp-content\/uploads\/2019\/11\/BDFLogo2-e1574329380906-300x134.jpg","datePublished":"2020-10-13T10:42:13+00:00","dateModified":"2023-02-10T13:25:52+00:00","breadcrumb":{"@id":"https:\/\/bdfcerrajeros.com\/?page_id=888#breadcrumb"},"inLanguage":"es","potentialAction":[{"@type":"ReadAction","target":["https:\/\/bdfcerrajeros.com\/?page_id=888"]}]},{"@type":"ImageObject","inLanguage":"es","@id":"https:\/\/bdfcerrajeros.com\/?page_id=888#primaryimage","url":"https:\/\/bdfcerrajeros.com\/wp-content\/uploads\/2019\/11\/BDFLogo2-e1574329380906-300x134.jpg","contentUrl":"https:\/\/bdfcerrajeros.com\/wp-content\/uploads\/2019\/11\/BDFLogo2-e1574329380906-300x134.jpg"},{"@type":"BreadcrumbList","@id":"https:\/\/bdfcerrajeros.com\/?page_id=888#breadcrumb","itemListElement":[{"@type":"ListItem","position":1,"name":"Home","item":"https:\/\/bdfcerrajeros.com\/"},{"@type":"ListItem","position":2,"name":"Contact Us"}]},{"@type":"WebSite","@id":"https:\/\/bdfcerrajeros.com\/#website","url":"https:\/\/bdfcerrajeros.com\/","name":"BDF Cerrajeros 24h C\u00e1ceres","description":"Cerrajer\u00eda, Carpinter\u00eda de Aluminio, Automatismos, Hierro, Mantenimiento Comunidades, Puertas de Garaje","publisher":{"@id":"https:\/\/bdfcerrajeros.com\/#organization"},"potentialAction":[{"@type":"SearchAction","target":{"@type":"EntryPoint","urlTemplate":"https:\/\/bdfcerrajeros.com\/?s={search_term_string}"},"query-input":{"@type":"PropertyValueSpecification","valueRequired":true,"valueName":"search_term_string"}}],"inLanguage":"es"},{"@type":"Organization","@id":"https:\/\/bdfcerrajeros.com\/#organization","name":"BDF Cerrajeros 24h C\u00e1ceres","url":"https:\/\/bdfcerrajeros.com\/","logo":{"@type":"ImageObject","inLanguage":"es","@id":"https:\/\/bdfcerrajeros.com\/#\/schema\/logo\/image\/","url":"https:\/\/bdfcerrajeros.com\/wp-content\/uploads\/2019\/11\/cropped-cropped-BDFLogo2.jpg","contentUrl":"https:\/\/bdfcerrajeros.com\/wp-content\/uploads\/2019\/11\/cropped-cropped-BDFLogo2.jpg","width":1108,"height":384,"caption":"BDF Cerrajeros 24h C\u00e1ceres"},"image":{"@id":"https:\/\/bdfcerrajeros.com\/#\/schema\/logo\/image\/"}}]}},"jetpack_sharing_enabled":true,"_links":{"self":[{"href":"https:\/\/bdfcerrajeros.com\/index.php?rest_route=\/wp\/v2\/pages\/888","targetHints":{"allow":["GET"]}}],"collection":[{"href":"https:\/\/bdfcerrajeros.com\/index.php?rest_route=\/wp\/v2\/pages"}],"about":[{"href":"https:\/\/bdfcerrajeros.com\/index.php?rest_route=\/wp\/v2\/types\/page"}],"author":[{"embeddable":true,"href":"https:\/\/bdfcerrajeros.com\/index.php?rest_route=\/wp\/v2\/users\/1"}],"replies":[{"embeddable":true,"href":"https:\/\/bdfcerrajeros.com\/index.php?rest_route=%2Fwp%2Fv2%2Fcomments&post=888"}],"version-history":[{"count":1,"href":"https:\/\/bdfcerrajeros.com\/index.php?rest_route=\/wp\/v2\/pages\/888\/revisions"}],"predecessor-version":[{"id":977,"href":"https:\/\/bdfcerrajeros.com\/index.php?rest_route=\/wp\/v2\/pages\/888\/revisions\/977"}],"wp:attachment":[{"href":"https:\/\/bdfcerrajeros.com\/index.php?rest_route=%2Fwp%2Fv2%2Fmedia&parent=888"}],"curies":[{"name":"wp","href":"https:\/\/api.w.org\/{rel}","templated":true}]}}