{"id":873,"date":"2020-10-13T10:37:44","date_gmt":"2020-10-13T10:37:44","guid":{"rendered":"https:\/\/www.cssigniter.com\/demos\/convert\/?page_id=7"},"modified":"2022-10-06T07:25:01","modified_gmt":"2022-10-06T07:25:01","slug":"home-2","status":"publish","type":"page","link":"https:\/\/bdfcerrajeros.com\/","title":{"rendered":"Home"},"content":{"rendered":"\n<div id=\"block-c0b4f4-a6\" class=\"wp-block-gutenbee-container block-c0b4f4-a6 theme-grid\"><style>.wp-block-gutenbee-container.block-c0b4f4-a6 { margin-top: -55px;  margin-bottom: 90px; }<\/style><div class=\"wp-block-gutenbee-container-inner\"><div class=\"wp-block-gutenbee-container-row wp-block-gutenbee-container-lg\">\n<div class=\"wp-block-gutenbee-column block-5554cc-a657-4d\"><style>.wp-block-gutenbee-column.block-5554cc-a657-4d { flex-basis: 100%; }\n\n\n      @media (max-width: 991px) {\n        .wp-block-gutenbee-column.block-5554cc-a657-4d { flex-basis: 100%; }\n      }\n    \n\n      @media (max-width: 575px) {\n        .wp-block-gutenbee-column.block-5554cc-a657-4d { flex-basis: 100%; }\n      }<\/style><div class=\"wp-block-gutenbee-column-content\"><div\n\tid=\"maxslider-256\"\n\tclass=\"maxslider\"\n\tdata-autoslide=\"true\" data-effect=\"fade\" data-slide-speed=\"3000\" data-height=\"500\" data-height_unit=\"px\" data-navigation=\"arrows\" data-navigation_fg_color=\"#00440d\" data-navigation_bg_color=\"\" data-image_size=\"full\" data-arrows=\"1\" data-arrows_fg_color=\"#00440d\" data-arrows_bg_color=\"\" >\n\t\t<div class=\"maxslider-slide maxslider-256-slide-0\">\n\t\t<div class=\"maxslider-slide-content maxslider-align-left maxslider-align-middle\">\n\t\t\t<div class=\"maxslider-slide-content-pad\">\n\t\t\t\t\t\t\t\t\t<h3 class=\"maxslider-slide-title\">\n\t\t\t\t\t\tBDF Cerrajeros 24H\t\t\t\t\t<\/h3>\n\t\t\t\t\n\t\t\t\t\t\t\t\t\t<p class=\"maxslider-slide-subtitle\">\n\t\t\t\t\t\tServicios de Cerrajer\u00eda 24 Horas 365 d\u00edas\t\t\t\t\t<\/p>\n\t\t\t\t\n\t\t\t\t\t\t\t<\/div>\n\t\t<\/div>\n\t<\/div>\n\t<div class=\"maxslider-slide maxslider-256-slide-1\">\n\t\t<div class=\"maxslider-slide-content maxslider-align-left maxslider-align-middle\">\n\t\t\t<div class=\"maxslider-slide-content-pad\">\n\t\t\t\t\t\t\t\t\t<h3 class=\"maxslider-slide-title\">\n\t\t\t\t\t\tBDF Cerrajeros 24H\t\t\t\t\t<\/h3>\n\t\t\t\t\n\t\t\t\t\t\t\t\t\t<p class=\"maxslider-slide-subtitle\">\n\t\t\t\t\t\tPuertas de Garaje Seccionables, Abatibles y Basculantes\t\t\t\t\t<\/p>\n\t\t\t\t\n\t\t\t\t\t\t\t\t\t<a href=\"https:\/\/www.cssigniter.com\/preview\/convert\/case-study\/helping-a-global-media-firm-optimize-business\/\" class=\"maxslider-btn maxslider-btn-default\">\n\t\t\t\t\t\tVer m\u00e1s\t\t\t\t\t<\/a>\n\t\t\t\t\t\t\t<\/div>\n\t\t<\/div>\n\t<\/div>\n\t<div class=\"maxslider-slide maxslider-256-slide-2\">\n\t\t<div class=\"maxslider-slide-content maxslider-align-left maxslider-align-middle\">\n\t\t\t<div class=\"maxslider-slide-content-pad\">\n\t\t\t\t\t\t\t\t\t<h3 class=\"maxslider-slide-title\">\n\t\t\t\t\t\tBDF Cerrajeros 24H\t\t\t\t\t<\/h3>\n\t\t\t\t\n\t\t\t\t\t\t\t\t\t<p class=\"maxslider-slide-subtitle\">\n\t\t\t\t\t\tTrabajos en Carpinter\u00eda de Aluminio\t\t\t\t\t<\/p>\n\t\t\t\t\n\t\t\t\t\t\t\t\t\t<a href=\"https:\/\/www.cssigniter.com\/preview\/convert\/careers\/\" class=\"maxslider-btn maxslider-btn-default\">\n\t\t\t\t\t\tVer m\u00e1s...\t\t\t\t\t<\/a>\n\t\t\t\t\t\t\t<\/div>\n\t\t<\/div>\n\t<\/div>\n<\/div>\n\n<\/div><\/div>\n<\/div><\/div><div class=\"wp-block-gutenbee-container-background\" data-parallax-speed=\"0.3\"><\/div><\/div>\n\n\n\n<div id=\"block-c83906-15\" class=\"wp-block-gutenbee-container block-c83906-15 theme-grid\"><style>.wp-block-gutenbee-container.block-c83906-15 { margin-bottom: 90px; }<\/style><div class=\"wp-block-gutenbee-container-inner\"><div class=\"wp-block-gutenbee-container-row wp-block-gutenbee-container-lg\">\n<div class=\"wp-block-gutenbee-column block-325e2d-8b\"><style>.wp-block-gutenbee-column.block-325e2d-8b { flex-basis: 100%; }\n\n\n      @media (max-width: 991px) {\n        .wp-block-gutenbee-column.block-325e2d-8b { flex-basis: 100%; }\n      }\n    \n\n      @media (max-width: 575px) {\n        .wp-block-gutenbee-column.block-325e2d-8b { flex-basis: 100%; }\n      }<\/style><div class=\"wp-block-gutenbee-column-content\">\n<h2 id=\"block-686e29-b1\" class=\"wp-block-gutenbee-heading block-686e29-b1\">BDF CERRAJEROS<\/h2><style>.wp-block-gutenbee-heading.block-686e29-b1 { margin-bottom: 0px; text-align: center; }<\/style>\n\n\n\n<p id=\"block-716a96-c5\" class=\"wp-block-gutenbee-paragraph block-716a96-c5\">Nuestros Servicios<\/p><style>.wp-block-gutenbee-paragraph.block-716a96-c5 { margin-bottom: 15px; text-align: center; }<\/style>\n\n\n\n<div id=\"block-60b745-78\" class=\"wp-block-gutenbee-divider block-60b745-78 align-center\" style=\"height:10px\"><style>.wp-block-gutenbee-divider.block-60b745-78 { margin-bottom: 50px; }<\/style><div class=\"wp-block-gutenbee-divider-inner\" style=\"border-top-style:solid;border-top-width:3px;border-top-color:#e3002a;width:5%\"><\/div><\/div>\n\n\n<div\n\t\t\t\tid=\"block-c8e407-0249-4d\"\n\t\t\t\tclass=\"wp-block-gutenbee-post-types block-c8e407-0249-4d is-style-default ticss-26c8e407\"\n\t\t\t\t\t\t\t><div class=\"row row-items row-columns-4\">\t\t\t\t<div class=\"cerrajeria term-83 col-xl-3 col-md-6 col-12\">\n<div id=\"entry-item-957\" class=\"entry-item post-957 convert_service type-convert_service status-publish has-post-thumbnail hentry convert_service_category-cerrajeria\">\n\t\t\t<figure class=\"entry-item-thumb\">\n\t\t\t<a href=\"https:\/\/bdfcerrajeros.com\/?convert_service=puertas-anti-ocupa\">\n\t\t\t\t<img fetchpriority=\"high\" decoding=\"async\" width=\"615\" height=\"410\" src=\"https:\/\/bdfcerrajeros.com\/wp-content\/uploads\/2023\/02\/door-1089638_1280-615x410.jpg\" class=\"attachment-ignition_item size-ignition_item wp-post-image\" alt=\"\" srcset=\"https:\/\/bdfcerrajeros.com\/wp-content\/uploads\/2023\/02\/door-1089638_1280-615x410.jpg 615w, https:\/\/bdfcerrajeros.com\/wp-content\/uploads\/2023\/02\/door-1089638_1280-300x200.jpg 300w, https:\/\/bdfcerrajeros.com\/wp-content\/uploads\/2023\/02\/door-1089638_1280-1024x682.jpg 1024w, https:\/\/bdfcerrajeros.com\/wp-content\/uploads\/2023\/02\/door-1089638_1280-768x512.jpg 768w, https:\/\/bdfcerrajeros.com\/wp-content\/uploads\/2023\/02\/door-1089638_1280-870x580.jpg 870w, https:\/\/bdfcerrajeros.com\/wp-content\/uploads\/2023\/02\/door-1089638_1280-1170x780.jpg 1170w, https:\/\/bdfcerrajeros.com\/wp-content\/uploads\/2023\/02\/door-1089638_1280.jpg 1280w\" sizes=\"(max-width: 615px) 100vw, 615px\" \/>\t\t\t<\/a>\n\t\t<\/figure>\n\t\n\t<div class=\"entry-item-content\">\n\t\t<h2 class=\"entry-item-title\"><a href=\"https:\/\/bdfcerrajeros.com\/?convert_service=puertas-anti-ocupa\">Puertas Anti-Okupa<\/a><\/h2>\n\t\t\n\t\t<a href=\"https:\/\/bdfcerrajeros.com\/?convert_service=puertas-anti-ocupa\" class=\"btn btn-entry-more\">\n\t\t\tLeer m\u00e1s\t\t<\/a>\n\t<\/div>\n<\/div>\n<\/div>\t\t\t\t<div class=\"cerrajeria term-83 col-xl-3 col-md-6 col-12\">\n<div id=\"entry-item-623\" class=\"entry-item post-623 convert_service type-convert_service status-publish has-post-thumbnail hentry convert_service_category-cerrajeria\">\n\t\t\t<figure class=\"entry-item-thumb\">\n\t\t\t<a href=\"https:\/\/bdfcerrajeros.com\/?convert_service=fabrica-puertas-ventanas-estructuras-aluminio-hierro-motorizacion\">\n\t\t\t\t<img decoding=\"async\" width=\"615\" height=\"410\" src=\"https:\/\/bdfcerrajeros.com\/wp-content\/uploads\/2022\/02\/hand-with-remote-control-g67cefb1af_1920.jpg\" class=\"attachment-ignition_item size-ignition_item wp-post-image\" alt=\"\" srcset=\"https:\/\/bdfcerrajeros.com\/wp-content\/uploads\/2022\/02\/hand-with-remote-control-g67cefb1af_1920.jpg 1920w, https:\/\/bdfcerrajeros.com\/wp-content\/uploads\/2022\/02\/hand-with-remote-control-g67cefb1af_1920-300x200.jpg 300w, https:\/\/bdfcerrajeros.com\/wp-content\/uploads\/2022\/02\/hand-with-remote-control-g67cefb1af_1920-1024x683.jpg 1024w, https:\/\/bdfcerrajeros.com\/wp-content\/uploads\/2022\/02\/hand-with-remote-control-g67cefb1af_1920-768x512.jpg 768w, https:\/\/bdfcerrajeros.com\/wp-content\/uploads\/2022\/02\/hand-with-remote-control-g67cefb1af_1920-1536x1024.jpg 1536w, https:\/\/bdfcerrajeros.com\/wp-content\/uploads\/2022\/02\/hand-with-remote-control-g67cefb1af_1920-615x410.jpg 615w\" sizes=\"(max-width: 615px) 100vw, 615px\" \/>\t\t\t<\/a>\n\t\t<\/figure>\n\t\n\t<div class=\"entry-item-content\">\n\t\t<h2 class=\"entry-item-title\"><a href=\"https:\/\/bdfcerrajeros.com\/?convert_service=fabrica-puertas-ventanas-estructuras-aluminio-hierro-motorizacion\">Y tambi\u00e9n fabricamos: puertas, ventanas, estructuras de aluminio e hierro, motorizaci\u00f3n de puertas y m\u00e1s<\/a><\/h2>\n\t\t\n\t\t<a href=\"https:\/\/bdfcerrajeros.com\/?convert_service=fabrica-puertas-ventanas-estructuras-aluminio-hierro-motorizacion\" class=\"btn btn-entry-more\">\n\t\t\tLeer m\u00e1s\t\t<\/a>\n\t<\/div>\n<\/div>\n<\/div>\t\t\t\t<div class=\"cerrajeria term-83 col-xl-3 col-md-6 col-12\">\n<div id=\"entry-item-577\" class=\"entry-item post-577 convert_service type-convert_service status-publish has-post-thumbnail hentry convert_service_category-cerrajeria\">\n\t\t\t<figure class=\"entry-item-thumb\">\n\t\t\t<a href=\"https:\/\/bdfcerrajeros.com\/?convert_service=puertas-de-garaje-seccionables-abatibles-y-basculantes\">\n\t\t\t\t<img decoding=\"async\" width=\"547\" height=\"410\" src=\"https:\/\/bdfcerrajeros.com\/wp-content\/uploads\/2019\/11\/contrapesada11.jpg\" class=\"attachment-ignition_item size-ignition_item wp-post-image\" alt=\"\" srcset=\"https:\/\/bdfcerrajeros.com\/wp-content\/uploads\/2019\/11\/contrapesada11.jpg 800w, https:\/\/bdfcerrajeros.com\/wp-content\/uploads\/2019\/11\/contrapesada11-300x225.jpg 300w, https:\/\/bdfcerrajeros.com\/wp-content\/uploads\/2019\/11\/contrapesada11-768x576.jpg 768w, https:\/\/bdfcerrajeros.com\/wp-content\/uploads\/2019\/11\/contrapesada11-615x461.jpg 615w\" sizes=\"(max-width: 547px) 100vw, 547px\" \/>\t\t\t<\/a>\n\t\t<\/figure>\n\t\n\t<div class=\"entry-item-content\">\n\t\t<h2 class=\"entry-item-title\"><a href=\"https:\/\/bdfcerrajeros.com\/?convert_service=puertas-de-garaje-seccionables-abatibles-y-basculantes\">Puertas de Garaje: seccionables, abatibles y basculantes<\/a><\/h2>\n\t\t\n\t\t<a href=\"https:\/\/bdfcerrajeros.com\/?convert_service=puertas-de-garaje-seccionables-abatibles-y-basculantes\" class=\"btn btn-entry-more\">\n\t\t\tLeer m\u00e1s\t\t<\/a>\n\t<\/div>\n<\/div>\n<\/div>\t\t\t\t<div class=\"cerrajeria term-83 col-xl-3 col-md-6 col-12\">\n<div id=\"entry-item-575\" class=\"entry-item post-575 convert_service type-convert_service status-publish has-post-thumbnail hentry convert_service_category-cerrajeria\">\n\t\t\t<figure class=\"entry-item-thumb\">\n\t\t\t<a href=\"https:\/\/bdfcerrajeros.com\/?convert_service=mantenimiento-de-comunidades-y-edificios\">\n\t\t\t\t<img loading=\"lazy\" decoding=\"async\" width=\"615\" height=\"195\" src=\"https:\/\/bdfcerrajeros.com\/wp-content\/uploads\/2019\/11\/limpieza-comunidad-vecinos-e1538123467432.jpg\" class=\"attachment-ignition_item size-ignition_item wp-post-image\" alt=\"\" srcset=\"https:\/\/bdfcerrajeros.com\/wp-content\/uploads\/2019\/11\/limpieza-comunidad-vecinos-e1538123467432.jpg 1588w, https:\/\/bdfcerrajeros.com\/wp-content\/uploads\/2019\/11\/limpieza-comunidad-vecinos-e1538123467432-300x95.jpg 300w, https:\/\/bdfcerrajeros.com\/wp-content\/uploads\/2019\/11\/limpieza-comunidad-vecinos-e1538123467432-1024x325.jpg 1024w, https:\/\/bdfcerrajeros.com\/wp-content\/uploads\/2019\/11\/limpieza-comunidad-vecinos-e1538123467432-768x244.jpg 768w, https:\/\/bdfcerrajeros.com\/wp-content\/uploads\/2019\/11\/limpieza-comunidad-vecinos-e1538123467432-1536x487.jpg 1536w, https:\/\/bdfcerrajeros.com\/wp-content\/uploads\/2019\/11\/limpieza-comunidad-vecinos-e1538123467432-615x195.jpg 615w\" sizes=\"(max-width: 615px) 100vw, 615px\" \/>\t\t\t<\/a>\n\t\t<\/figure>\n\t\n\t<div class=\"entry-item-content\">\n\t\t<h2 class=\"entry-item-title\"><a href=\"https:\/\/bdfcerrajeros.com\/?convert_service=mantenimiento-de-comunidades-y-edificios\">Mantenimiento de Comunidades y Edificios<\/a><\/h2>\n\t\t\n\t\t<a href=\"https:\/\/bdfcerrajeros.com\/?convert_service=mantenimiento-de-comunidades-y-edificios\" class=\"btn btn-entry-more\">\n\t\t\tLeer m\u00e1s\t\t<\/a>\n\t<\/div>\n<\/div>\n<\/div>\t\t\t\t<div class=\"cerrajeria term-83 col-xl-3 col-md-6 col-12\">\n<div id=\"entry-item-570\" class=\"entry-item post-570 convert_service type-convert_service status-publish has-post-thumbnail hentry convert_service_category-cerrajeria\">\n\t\t\t<figure class=\"entry-item-thumb\">\n\t\t\t<a href=\"https:\/\/bdfcerrajeros.com\/?convert_service=carpinteria-aluminio\">\n\t\t\t\t<img loading=\"lazy\" decoding=\"async\" width=\"615\" height=\"407\" src=\"https:\/\/bdfcerrajeros.com\/wp-content\/uploads\/2019\/11\/carpinter\u00eda-met\u00e1lica-675x447.jpg\" class=\"attachment-ignition_item size-ignition_item wp-post-image\" alt=\"\" srcset=\"https:\/\/bdfcerrajeros.com\/wp-content\/uploads\/2019\/11\/carpinter\u00eda-met\u00e1lica-675x447.jpg 675w, https:\/\/bdfcerrajeros.com\/wp-content\/uploads\/2019\/11\/carpinter\u00eda-met\u00e1lica-675x447-300x199.jpg 300w, https:\/\/bdfcerrajeros.com\/wp-content\/uploads\/2019\/11\/carpinter\u00eda-met\u00e1lica-675x447-615x407.jpg 615w\" sizes=\"(max-width: 615px) 100vw, 615px\" \/>\t\t\t<\/a>\n\t\t<\/figure>\n\t\n\t<div class=\"entry-item-content\">\n\t\t<h2 class=\"entry-item-title\"><a href=\"https:\/\/bdfcerrajeros.com\/?convert_service=carpinteria-aluminio\">Carpinter\u00eda Met\u00e1lica-Aluminio-Automatismos<\/a><\/h2>\n\t\t\n\t\t<a href=\"https:\/\/bdfcerrajeros.com\/?convert_service=carpinteria-aluminio\" class=\"btn btn-entry-more\">\n\t\t\tLeer m\u00e1s\t\t<\/a>\n\t<\/div>\n<\/div>\n<\/div><\/div><\/div><\/div><\/div>\n<\/div><\/div><div class=\"wp-block-gutenbee-container-background\" data-parallax-speed=\"0.3\"><\/div><\/div>\n","protected":false},"excerpt":{"rendered":"","protected":false},"author":1,"featured_media":0,"parent":0,"menu_order":0,"comment_status":"closed","ping_status":"closed","template":"templates\/template-fullwidth.php","meta":{"_themeisle_gutenberg_block_has_review":false,"footnotes":""},"class_list":["post-873","page","type-page","status-publish","hentry"],"yoast_head":"<!-- This site is optimized with the Yoast SEO plugin v26.7 - https:\/\/yoast.com\/wordpress\/plugins\/seo\/ -->\n<title>Home - BDF Cerrajeros 24h C\u00e1ceres<\/title>\n<meta name=\"robots\" content=\"index, follow, max-snippet:-1, max-image-preview:large, max-video-preview:-1\" \/>\n<link rel=\"canonical\" href=\"https:\/\/bdfcerrajeros.com\/\" \/>\n<meta property=\"og:locale\" content=\"es_ES\" \/>\n<meta property=\"og:type\" content=\"article\" \/>\n<meta property=\"og:title\" content=\"Home - BDF Cerrajeros 24h C\u00e1ceres\" \/>\n<meta property=\"og:url\" content=\"https:\/\/bdfcerrajeros.com\/\" \/>\n<meta property=\"og:site_name\" content=\"BDF Cerrajeros 24h C\u00e1ceres\" \/>\n<meta property=\"article:modified_time\" content=\"2022-10-06T07:25:01+00:00\" \/>\n<meta name=\"twitter:card\" content=\"summary_large_image\" \/>\n<meta name=\"twitter:label1\" content=\"Tiempo de lectura\" \/>\n\t<meta name=\"twitter:data1\" content=\"1 minuto\" \/>\n<script type=\"application\/ld+json\" class=\"yoast-schema-graph\">{\"@context\":\"https:\/\/schema.org\",\"@graph\":[{\"@type\":\"WebPage\",\"@id\":\"https:\/\/bdfcerrajeros.com\/\",\"url\":\"https:\/\/bdfcerrajeros.com\/\",\"name\":\"Home - BDF Cerrajeros 24h C\u00e1ceres\",\"isPartOf\":{\"@id\":\"https:\/\/bdfcerrajeros.com\/#website\"},\"datePublished\":\"2020-10-13T10:37:44+00:00\",\"dateModified\":\"2022-10-06T07:25:01+00:00\",\"breadcrumb\":{\"@id\":\"https:\/\/bdfcerrajeros.com\/#breadcrumb\"},\"inLanguage\":\"es\",\"potentialAction\":[{\"@type\":\"ReadAction\",\"target\":[\"https:\/\/bdfcerrajeros.com\/\"]}]},{\"@type\":\"BreadcrumbList\",\"@id\":\"https:\/\/bdfcerrajeros.com\/#breadcrumb\",\"itemListElement\":[{\"@type\":\"ListItem\",\"position\":1,\"name\":\"Home\",\"item\":\"https:\/\/bdfcerrajeros.com\/\"},{\"@type\":\"ListItem\",\"position\":2,\"name\":\"Home\"}]},{\"@type\":\"WebSite\",\"@id\":\"https:\/\/bdfcerrajeros.com\/#website\",\"url\":\"https:\/\/bdfcerrajeros.com\/\",\"name\":\"BDF Cerrajeros 24h C\u00e1ceres\",\"description\":\"Cerrajer\u00eda, Carpinter\u00eda de Aluminio, Automatismos, Hierro, Mantenimiento Comunidades, Puertas de Garaje\",\"publisher\":{\"@id\":\"https:\/\/bdfcerrajeros.com\/#organization\"},\"potentialAction\":[{\"@type\":\"SearchAction\",\"target\":{\"@type\":\"EntryPoint\",\"urlTemplate\":\"https:\/\/bdfcerrajeros.com\/?s={search_term_string}\"},\"query-input\":{\"@type\":\"PropertyValueSpecification\",\"valueRequired\":true,\"valueName\":\"search_term_string\"}}],\"inLanguage\":\"es\"},{\"@type\":\"Organization\",\"@id\":\"https:\/\/bdfcerrajeros.com\/#organization\",\"name\":\"BDF Cerrajeros 24h C\u00e1ceres\",\"url\":\"https:\/\/bdfcerrajeros.com\/\",\"logo\":{\"@type\":\"ImageObject\",\"inLanguage\":\"es\",\"@id\":\"https:\/\/bdfcerrajeros.com\/#\/schema\/logo\/image\/\",\"url\":\"https:\/\/bdfcerrajeros.com\/wp-content\/uploads\/2019\/11\/cropped-cropped-BDFLogo2.jpg\",\"contentUrl\":\"https:\/\/bdfcerrajeros.com\/wp-content\/uploads\/2019\/11\/cropped-cropped-BDFLogo2.jpg\",\"width\":1108,\"height\":384,\"caption\":\"BDF Cerrajeros 24h C\u00e1ceres\"},\"image\":{\"@id\":\"https:\/\/bdfcerrajeros.com\/#\/schema\/logo\/image\/\"}}]}<\/script>\n<!-- \/ Yoast SEO plugin. -->","yoast_head_json":{"title":"Home - BDF Cerrajeros 24h C\u00e1ceres","robots":{"index":"index","follow":"follow","max-snippet":"max-snippet:-1","max-image-preview":"max-image-preview:large","max-video-preview":"max-video-preview:-1"},"canonical":"https:\/\/bdfcerrajeros.com\/","og_locale":"es_ES","og_type":"article","og_title":"Home - BDF Cerrajeros 24h C\u00e1ceres","og_url":"https:\/\/bdfcerrajeros.com\/","og_site_name":"BDF Cerrajeros 24h C\u00e1ceres","article_modified_time":"2022-10-06T07:25:01+00:00","twitter_card":"summary_large_image","twitter_misc":{"Tiempo de lectura":"1 minuto"},"schema":{"@context":"https:\/\/schema.org","@graph":[{"@type":"WebPage","@id":"https:\/\/bdfcerrajeros.com\/","url":"https:\/\/bdfcerrajeros.com\/","name":"Home - BDF Cerrajeros 24h C\u00e1ceres","isPartOf":{"@id":"https:\/\/bdfcerrajeros.com\/#website"},"datePublished":"2020-10-13T10:37:44+00:00","dateModified":"2022-10-06T07:25:01+00:00","breadcrumb":{"@id":"https:\/\/bdfcerrajeros.com\/#breadcrumb"},"inLanguage":"es","potentialAction":[{"@type":"ReadAction","target":["https:\/\/bdfcerrajeros.com\/"]}]},{"@type":"BreadcrumbList","@id":"https:\/\/bdfcerrajeros.com\/#breadcrumb","itemListElement":[{"@type":"ListItem","position":1,"name":"Home","item":"https:\/\/bdfcerrajeros.com\/"},{"@type":"ListItem","position":2,"name":"Home"}]},{"@type":"WebSite","@id":"https:\/\/bdfcerrajeros.com\/#website","url":"https:\/\/bdfcerrajeros.com\/","name":"BDF Cerrajeros 24h C\u00e1ceres","description":"Cerrajer\u00eda, Carpinter\u00eda de Aluminio, Automatismos, Hierro, Mantenimiento Comunidades, Puertas de Garaje","publisher":{"@id":"https:\/\/bdfcerrajeros.com\/#organization"},"potentialAction":[{"@type":"SearchAction","target":{"@type":"EntryPoint","urlTemplate":"https:\/\/bdfcerrajeros.com\/?s={search_term_string}"},"query-input":{"@type":"PropertyValueSpecification","valueRequired":true,"valueName":"search_term_string"}}],"inLanguage":"es"},{"@type":"Organization","@id":"https:\/\/bdfcerrajeros.com\/#organization","name":"BDF Cerrajeros 24h C\u00e1ceres","url":"https:\/\/bdfcerrajeros.com\/","logo":{"@type":"ImageObject","inLanguage":"es","@id":"https:\/\/bdfcerrajeros.com\/#\/schema\/logo\/image\/","url":"https:\/\/bdfcerrajeros.com\/wp-content\/uploads\/2019\/11\/cropped-cropped-BDFLogo2.jpg","contentUrl":"https:\/\/bdfcerrajeros.com\/wp-content\/uploads\/2019\/11\/cropped-cropped-BDFLogo2.jpg","width":1108,"height":384,"caption":"BDF Cerrajeros 24h C\u00e1ceres"},"image":{"@id":"https:\/\/bdfcerrajeros.com\/#\/schema\/logo\/image\/"}}]}},"jetpack_sharing_enabled":true,"_links":{"self":[{"href":"https:\/\/bdfcerrajeros.com\/index.php?rest_route=\/wp\/v2\/pages\/873","targetHints":{"allow":["GET"]}}],"collection":[{"href":"https:\/\/bdfcerrajeros.com\/index.php?rest_route=\/wp\/v2\/pages"}],"about":[{"href":"https:\/\/bdfcerrajeros.com\/index.php?rest_route=\/wp\/v2\/types\/page"}],"author":[{"embeddable":true,"href":"https:\/\/bdfcerrajeros.com\/index.php?rest_route=\/wp\/v2\/users\/1"}],"replies":[{"embeddable":true,"href":"https:\/\/bdfcerrajeros.com\/index.php?rest_route=%2Fwp%2Fv2%2Fcomments&post=873"}],"version-history":[{"count":3,"href":"https:\/\/bdfcerrajeros.com\/index.php?rest_route=\/wp\/v2\/pages\/873\/revisions"}],"predecessor-version":[{"id":918,"href":"https:\/\/bdfcerrajeros.com\/index.php?rest_route=\/wp\/v2\/pages\/873\/revisions\/918"}],"wp:attachment":[{"href":"https:\/\/bdfcerrajeros.com\/index.php?rest_route=%2Fwp%2Fv2%2Fmedia&parent=873"}],"curies":[{"name":"wp","href":"https:\/\/api.w.org\/{rel}","templated":true}]}}