{"id":42,"date":"2020-10-13T14:42:39","date_gmt":"2020-10-13T14:42:39","guid":{"rendered":"https:\/\/www.cssigniter.com\/demos\/convert\/?page_id=42"},"modified":"2020-10-13T14:42:39","modified_gmt":"2020-10-13T14:42:39","slug":"services-filters-2","status":"publish","type":"page","link":"https:\/\/bdfcerrajeros.com\/?page_id=42","title":{"rendered":"Services"},"content":{"rendered":"<div\n\t\t\t\tid=\"block-\"\n\t\t\t\tclass=\"wp-block-gutenbee-post-types block- \"\n\t\t\t\t\t\t\t>\t\t<div class=\"ci-item-filters\">\n\t\t\t<button class=\"ci-item-filter filter-active\" data-filter=\"*\">\n\t\t\t\tAll\t\t\t<\/button>\n\n\t\t\t\t\t\t\t\t\t\t\t\t<\/div>\n\t\t<div class=\"row row-items row-columns-3\">\t\t\t\t<div class=\"col-md-4 col-12\">\n<div id=\"entry-item-962\" class=\"entry-item post-962 ignition-service type-ignition-service status-publish hentry\">\n\t\n\t<div class=\"entry-item-content\">\n\t\t<h2 class=\"entry-item-title\"><a href=\"https:\/\/bdfcerrajeros.com\/?ignition-service=puertas-anti-okupas\">Puertas Anti-Okupas<\/a><\/h2>\n\t\t\n\t\t<a href=\"https:\/\/bdfcerrajeros.com\/?ignition-service=puertas-anti-okupas\" class=\"btn btn-entry-more\">\n\t\t\tLearn More\t\t<\/a>\n\t<\/div>\n<\/div>\n<\/div><\/div><\/div>","protected":false},"excerpt":{"rendered":"<p>Industry-focused services for public and private clients<\/p>\n","protected":false},"author":1,"featured_media":0,"parent":0,"menu_order":0,"comment_status":"closed","ping_status":"closed","template":"templates\/template-fullwidth-boxed.php","meta":{"_themeisle_gutenberg_block_has_review":false,"footnotes":""},"class_list":["post-42","page","type-page","status-publish","hentry"],"yoast_head":"<!-- This site is optimized with the Yoast SEO plugin v26.7 - https:\/\/yoast.com\/wordpress\/plugins\/seo\/ -->\n<title>Services - BDF Cerrajeros 24h C\u00e1ceres<\/title>\n<meta name=\"robots\" content=\"index, follow, max-snippet:-1, max-image-preview:large, max-video-preview:-1\" \/>\n<link rel=\"canonical\" href=\"https:\/\/bdfcerrajeros.com\/?page_id=42\" \/>\n<meta property=\"og:locale\" content=\"es_ES\" \/>\n<meta property=\"og:type\" content=\"article\" \/>\n<meta property=\"og:title\" content=\"Services - BDF Cerrajeros 24h C\u00e1ceres\" \/>\n<meta property=\"og:description\" content=\"Industry-focused services for public and private clients\" \/>\n<meta property=\"og:url\" content=\"https:\/\/bdfcerrajeros.com\/?page_id=42\" \/>\n<meta property=\"og:site_name\" content=\"BDF Cerrajeros 24h C\u00e1ceres\" \/>\n<meta name=\"twitter:card\" content=\"summary_large_image\" \/>\n<script type=\"application\/ld+json\" class=\"yoast-schema-graph\">{\"@context\":\"https:\/\/schema.org\",\"@graph\":[{\"@type\":[\"WebPage\",\"CollectionPage\"],\"@id\":\"https:\/\/bdfcerrajeros.com\/?page_id=42\",\"url\":\"https:\/\/bdfcerrajeros.com\/?page_id=42\",\"name\":\"Services - BDF Cerrajeros 24h C\u00e1ceres\",\"isPartOf\":{\"@id\":\"https:\/\/bdfcerrajeros.com\/#website\"},\"datePublished\":\"2020-10-13T14:42:39+00:00\",\"breadcrumb\":{\"@id\":\"https:\/\/bdfcerrajeros.com\/?page_id=42#breadcrumb\"},\"inLanguage\":\"es\"},{\"@type\":\"BreadcrumbList\",\"@id\":\"https:\/\/bdfcerrajeros.com\/?page_id=42#breadcrumb\",\"itemListElement\":[{\"@type\":\"ListItem\",\"position\":1,\"name\":\"Home\",\"item\":\"https:\/\/bdfcerrajeros.com\/\"},{\"@type\":\"ListItem\",\"position\":2,\"name\":\"Services\"}]},{\"@type\":\"WebSite\",\"@id\":\"https:\/\/bdfcerrajeros.com\/#website\",\"url\":\"https:\/\/bdfcerrajeros.com\/\",\"name\":\"BDF Cerrajeros 24h C\u00e1ceres\",\"description\":\"Cerrajer\u00eda, Carpinter\u00eda de Aluminio, Automatismos, Hierro, Mantenimiento Comunidades, Puertas de Garaje\",\"publisher\":{\"@id\":\"https:\/\/bdfcerrajeros.com\/#organization\"},\"potentialAction\":[{\"@type\":\"SearchAction\",\"target\":{\"@type\":\"EntryPoint\",\"urlTemplate\":\"https:\/\/bdfcerrajeros.com\/?s={search_term_string}\"},\"query-input\":{\"@type\":\"PropertyValueSpecification\",\"valueRequired\":true,\"valueName\":\"search_term_string\"}}],\"inLanguage\":\"es\"},{\"@type\":\"Organization\",\"@id\":\"https:\/\/bdfcerrajeros.com\/#organization\",\"name\":\"BDF Cerrajeros 24h C\u00e1ceres\",\"url\":\"https:\/\/bdfcerrajeros.com\/\",\"logo\":{\"@type\":\"ImageObject\",\"inLanguage\":\"es\",\"@id\":\"https:\/\/bdfcerrajeros.com\/#\/schema\/logo\/image\/\",\"url\":\"https:\/\/bdfcerrajeros.com\/wp-content\/uploads\/2019\/11\/cropped-cropped-BDFLogo2.jpg\",\"contentUrl\":\"https:\/\/bdfcerrajeros.com\/wp-content\/uploads\/2019\/11\/cropped-cropped-BDFLogo2.jpg\",\"width\":1108,\"height\":384,\"caption\":\"BDF Cerrajeros 24h C\u00e1ceres\"},\"image\":{\"@id\":\"https:\/\/bdfcerrajeros.com\/#\/schema\/logo\/image\/\"}}]}<\/script>\n<!-- \/ Yoast SEO plugin. -->","yoast_head_json":{"title":"Services - BDF Cerrajeros 24h C\u00e1ceres","robots":{"index":"index","follow":"follow","max-snippet":"max-snippet:-1","max-image-preview":"max-image-preview:large","max-video-preview":"max-video-preview:-1"},"canonical":"https:\/\/bdfcerrajeros.com\/?page_id=42","og_locale":"es_ES","og_type":"article","og_title":"Services - BDF Cerrajeros 24h C\u00e1ceres","og_description":"Industry-focused services for public and private clients","og_url":"https:\/\/bdfcerrajeros.com\/?page_id=42","og_site_name":"BDF Cerrajeros 24h C\u00e1ceres","twitter_card":"summary_large_image","schema":{"@context":"https:\/\/schema.org","@graph":[{"@type":["WebPage","CollectionPage"],"@id":"https:\/\/bdfcerrajeros.com\/?page_id=42","url":"https:\/\/bdfcerrajeros.com\/?page_id=42","name":"Services - BDF Cerrajeros 24h C\u00e1ceres","isPartOf":{"@id":"https:\/\/bdfcerrajeros.com\/#website"},"datePublished":"2020-10-13T14:42:39+00:00","breadcrumb":{"@id":"https:\/\/bdfcerrajeros.com\/?page_id=42#breadcrumb"},"inLanguage":"es"},{"@type":"BreadcrumbList","@id":"https:\/\/bdfcerrajeros.com\/?page_id=42#breadcrumb","itemListElement":[{"@type":"ListItem","position":1,"name":"Home","item":"https:\/\/bdfcerrajeros.com\/"},{"@type":"ListItem","position":2,"name":"Services"}]},{"@type":"WebSite","@id":"https:\/\/bdfcerrajeros.com\/#website","url":"https:\/\/bdfcerrajeros.com\/","name":"BDF Cerrajeros 24h C\u00e1ceres","description":"Cerrajer\u00eda, Carpinter\u00eda de Aluminio, Automatismos, Hierro, Mantenimiento Comunidades, Puertas de Garaje","publisher":{"@id":"https:\/\/bdfcerrajeros.com\/#organization"},"potentialAction":[{"@type":"SearchAction","target":{"@type":"EntryPoint","urlTemplate":"https:\/\/bdfcerrajeros.com\/?s={search_term_string}"},"query-input":{"@type":"PropertyValueSpecification","valueRequired":true,"valueName":"search_term_string"}}],"inLanguage":"es"},{"@type":"Organization","@id":"https:\/\/bdfcerrajeros.com\/#organization","name":"BDF Cerrajeros 24h C\u00e1ceres","url":"https:\/\/bdfcerrajeros.com\/","logo":{"@type":"ImageObject","inLanguage":"es","@id":"https:\/\/bdfcerrajeros.com\/#\/schema\/logo\/image\/","url":"https:\/\/bdfcerrajeros.com\/wp-content\/uploads\/2019\/11\/cropped-cropped-BDFLogo2.jpg","contentUrl":"https:\/\/bdfcerrajeros.com\/wp-content\/uploads\/2019\/11\/cropped-cropped-BDFLogo2.jpg","width":1108,"height":384,"caption":"BDF Cerrajeros 24h C\u00e1ceres"},"image":{"@id":"https:\/\/bdfcerrajeros.com\/#\/schema\/logo\/image\/"}}]}},"jetpack_sharing_enabled":true,"_links":{"self":[{"href":"https:\/\/bdfcerrajeros.com\/index.php?rest_route=\/wp\/v2\/pages\/42","targetHints":{"allow":["GET"]}}],"collection":[{"href":"https:\/\/bdfcerrajeros.com\/index.php?rest_route=\/wp\/v2\/pages"}],"about":[{"href":"https:\/\/bdfcerrajeros.com\/index.php?rest_route=\/wp\/v2\/types\/page"}],"author":[{"embeddable":true,"href":"https:\/\/bdfcerrajeros.com\/index.php?rest_route=\/wp\/v2\/users\/1"}],"replies":[{"embeddable":true,"href":"https:\/\/bdfcerrajeros.com\/index.php?rest_route=%2Fwp%2Fv2%2Fcomments&post=42"}],"version-history":[{"count":0,"href":"https:\/\/bdfcerrajeros.com\/index.php?rest_route=\/wp\/v2\/pages\/42\/revisions"}],"wp:attachment":[{"href":"https:\/\/bdfcerrajeros.com\/index.php?rest_route=%2Fwp%2Fv2%2Fmedia&parent=42"}],"curies":[{"name":"wp","href":"https:\/\/api.w.org\/{rel}","templated":true}]}}